{"id":30,"date":"2022-01-09T16:27:55","date_gmt":"2022-01-09T19:27:55","guid":{"rendered":"https:\/\/colegiosanpedrocolina.cl\/?page_id=30"},"modified":"2026-01-27T17:16:00","modified_gmt":"2026-01-27T20:16:00","slug":"nuestro-colegio","status":"publish","type":"page","link":"https:\/\/colegiosanpedrocolina.cl\/index.php\/nuestro-colegio\/","title":{"rendered":"Nuestro Colegio"},"content":{"rendered":"<p>[et_pb_section fb_built=\u00bb1&#8243; _builder_version=\u00bb4.14.4&#8243; _module_preset=\u00bbdefault\u00bb global_colors_info=\u00bb{}\u00bb][et_pb_row _builder_version=\u00bb4.14.4&#8243; _module_preset=\u00bbdefault\u00bb global_colors_info=\u00bb{}\u00bb][et_pb_column type=\u00bb4_4&#8243; _builder_version=\u00bb4.14.4&#8243; _module_preset=\u00bbdefault\u00bb global_colors_info=\u00bb{}\u00bb][et_pb_text _builder_version=\u00bb4.14.4&#8243; _module_preset=\u00bbdefault\u00bb global_colors_info=\u00bb{}\u00bb]<\/p>\n<h1 style=\"text-align: center;\"><em><strong>Nuestro Colegio<\/strong><\/em><\/h1>\n<p>[\/et_pb_text][\/et_pb_column][\/et_pb_row][et_pb_row _builder_version=\u00bb4.14.4&#8243; _module_preset=\u00bbdefault\u00bb global_colors_info=\u00bb{}\u00bb][et_pb_column type=\u00bb4_4&#8243; _builder_version=\u00bb4.14.4&#8243; _module_preset=\u00bbdefault\u00bb global_colors_info=\u00bb{}\u00bb][et_pb_text _builder_version=\u00bb4.14.4&#8243; _module_preset=\u00bbdefault\u00bb text_font_size=\u00bb21px\u00bb text_line_height=\u00bb1.9em\u00bb global_colors_info=\u00bb{}\u00bb]<\/p>\n<p style=\"text-align: justify;\">El Colegio San Pedro es una instituci\u00f3n educativa que naci\u00f3 en marzo del 2019 y se ubicada en<br \/>Aconcagua N\u00b0680. Bajo el liderazgo de su sostenedor, don Andre Zegard Schranz, y su director,<br \/>don Cristian Rivera Mu\u00f1oz. Su prop\u00f3sito es brindar una educaci\u00f3n de calidad a la comunidad de<br \/>Colina, involucrando a las familias como un elemento clave en el desarrollo de los estudiantes.<br \/>Nuestra escuela acoge a ni\u00f1os y ni\u00f1as de diferentes sectores de nuestra comuna, adapt\u00e1ndose al<br \/>aumento demogr\u00e1fico actual. Ofrecemos educaci\u00f3n desde los Niveles de Pre B\u00e1sica y 4\u00b0 a\u00f1o de<br \/>ense\u00f1anza B\u00e1sica. Nuestra prioridad es asegurar la continuidad de nuestros alumnos en sus<br \/>estudios. Por eso, trabajamos para ofrecerles los niveles siguientes con la calidad y compromiso<br \/>que nos caracteriza manteniendo la continuidad de estudio en 5\u00b0 y 6\u00b0 a\u00f1o b\u00e1sico, adem\u00e1s de<br \/>entregar ingles desde Pre B\u00e1sica hasta Ense\u00f1anza B\u00e1sica.<\/p>\n<p style=\"text-align: justify;\">En nuestro establecimiento nos esforzamos por brindar las mejores condiciones para el desarrollo<br \/>integral de nuestra comunidad. Nuestras salas de clases son amplias y luminosas, nuestros patios<br \/>son amplios y espaciosos, nuestro casino es grande y ofrece alimentaci\u00f3n JUNAEB a todos<br \/>nuestros estudiantes. Adem\u00e1s, pronto contaremos con diferentes talleres extra program\u00e1ticos<br \/>para que nuestros estudiantes puedan disfrutar de actividades deportivas y recreativas de su<br \/>inter\u00e9s.<\/p>\n<p style=\"text-align: justify;\">En nuestro establecimiento, ofrecemos una educaci\u00f3n de calidad y una formaci\u00f3n integral a cada<br \/>uno de nuestros estudiantes. Queremos compartir con la comunidad de Colina nuestro Proyecto<br \/>Educativo y las actividades que realizamos para potenciar el aprendizaje y el desarrollo de<br \/>nuestros alumnos. Los invitamos a visitarnos o a seguirnos en nuestras redes sociales para<br \/>conocer m\u00e1s sobre nuestro Proyecto Educativo Institucional.<\/p>\n<p style=\"text-align: justify;\">\n<p style=\"text-align: justify;\"><strong>MISI\u00d3N<\/strong><br \/>Somos una instituci\u00f3n formadora que proporciona una atenci\u00f3n personalizada basada en los<br \/>derechos de los ni\u00f1os y ni\u00f1as, desarrollando sus capacidades y habilidades de autonom\u00eda e<br \/>independencia siendo el juego una herramienta fundamental para potenciar los aspectos motores,<br \/>cognitivos y afectivos de cada ni\u00f1o y ni\u00f1a, que les permitir\u00e1 desenvolverse en cualquier medio que<br \/>se inserten, fomentando la socializaci\u00f3n, la creatividad, el error como fuente de aprendizaje,<br \/>potenciando valores fundamentales para la convivencia y el buen trato, entregando ambientes<br \/>preparados donde se prioricen climas de confianza, amor y respeto.<\/p>\n<p style=\"text-align: justify;\"><strong>VISI\u00d3N<\/strong><br \/>Nuestra visi\u00f3n es ser una comunidad educativa reconocida y valorada por la calidad educativa en<br \/>un ambiente fraterno, de cooperaci\u00f3n y respeto por nuestras familias, por el entorno y cuidado<br \/>del medioambiente, donde nuestros estudiantes egresados manifiesten un perfil de respeto,<br \/>empat\u00eda, capaces de crear soluciones para s\u00ed mismos, para su entorno y en la sociedad que se<br \/>inserten.<\/p>\n<p>[\/et_pb_text][\/et_pb_column][\/et_pb_row][\/et_pb_section]<\/p>\n","protected":false},"excerpt":{"rendered":"<p>Nuestro ColegioEl Colegio San Pedro es una instituci\u00f3n educativa que naci\u00f3 en marzo del 2019 y se ubicada enAconcagua N\u00b0680. Bajo el liderazgo de su sostenedor, don Andre Zegard Schranz, y su director,don Cristian Rivera Mu\u00f1oz. Su prop\u00f3sito es brindar una educaci\u00f3n de calidad a la comunidad deColina, involucrando a las familias como un elemento [&hellip;]<\/p>\n","protected":false},"author":2,"featured_media":0,"parent":0,"menu_order":2,"comment_status":"closed","ping_status":"closed","template":"","meta":{"_et_pb_use_builder":"on","_et_pb_old_content":"","_et_gb_content_width":"","footnotes":""},"class_list":["post-30","page","type-page","status-publish","hentry"],"_links":{"self":[{"href":"https:\/\/colegiosanpedrocolina.cl\/index.php\/wp-json\/wp\/v2\/pages\/30","targetHints":{"allow":["GET"]}}],"collection":[{"href":"https:\/\/colegiosanpedrocolina.cl\/index.php\/wp-json\/wp\/v2\/pages"}],"about":[{"href":"https:\/\/colegiosanpedrocolina.cl\/index.php\/wp-json\/wp\/v2\/types\/page"}],"author":[{"embeddable":true,"href":"https:\/\/colegiosanpedrocolina.cl\/index.php\/wp-json\/wp\/v2\/users\/2"}],"replies":[{"embeddable":true,"href":"https:\/\/colegiosanpedrocolina.cl\/index.php\/wp-json\/wp\/v2\/comments?post=30"}],"version-history":[{"count":7,"href":"https:\/\/colegiosanpedrocolina.cl\/index.php\/wp-json\/wp\/v2\/pages\/30\/revisions"}],"predecessor-version":[{"id":1027,"href":"https:\/\/colegiosanpedrocolina.cl\/index.php\/wp-json\/wp\/v2\/pages\/30\/revisions\/1027"}],"wp:attachment":[{"href":"https:\/\/colegiosanpedrocolina.cl\/index.php\/wp-json\/wp\/v2\/media?parent=30"}],"curies":[{"name":"wp","href":"https:\/\/api.w.org\/{rel}","templated":true}]}}