{"id":44,"date":"2022-01-09T16:33:54","date_gmt":"2022-01-09T19:33:54","guid":{"rendered":"https:\/\/colegiosanpedrocolina.cl\/?page_id=44"},"modified":"2022-05-09T00:26:45","modified_gmt":"2022-05-09T03:26:45","slug":"sellos-educativos","status":"publish","type":"page","link":"https:\/\/colegiosanpedrocolina.cl\/index.php\/nuestro-colegio\/sellos-educativos\/","title":{"rendered":"Sellos Educativos"},"content":{"rendered":"<p>[et_pb_section fb_built=\u00bb1&#8243; _builder_version=\u00bb4.14.4&#8243; _module_preset=\u00bbdefault\u00bb global_colors_info=\u00bb{}\u00bb][et_pb_row _builder_version=\u00bb4.14.4&#8243; _module_preset=\u00bbdefault\u00bb global_colors_info=\u00bb{}\u00bb][et_pb_column type=\u00bb4_4&#8243; _builder_version=\u00bb4.14.4&#8243; _module_preset=\u00bbdefault\u00bb global_colors_info=\u00bb{}\u00bb][et_pb_text _builder_version=\u00bb4.14.4&#8243; _module_preset=\u00bbdefault\u00bb hover_enabled=\u00bb0&#8243; global_colors_info=\u00bb{}\u00bb text_font=\u00bbBaskervville||||||||\u00bb sticky_enabled=\u00bb0&#8243;]<\/p>\n<h1 style=\"text-align: center;\"><em><strong>SELLOS EDUCATIVOS<\/strong><\/em><\/h1>\n<p>[\/et_pb_text][et_pb_text _builder_version=\u00bb4.14.4&#8243; _module_preset=\u00bbdefault\u00bb hover_enabled=\u00bb0&#8243; global_colors_info=\u00bb{}\u00bb text_font=\u00bbBaskervville||||||||\u00bb text_font_size=\u00bb22px\u00bb sticky_enabled=\u00bb0&#8243;]<\/p>\n<p>Nuestra comunidad educativa se distingue por otorgar identidad a nuestros ni\u00f1os y ni\u00f1as procurando un desarrollo integral con el apoyo y pilar fundamental de los padres y apoderados para lograr calidad educativa:<\/p>\n<ul>\n<li><strong>Familia y comunidad educativa<\/strong><\/li>\n<\/ul>\n<p>La interacci\u00f3n continua del ni\u00f1o y de la ni\u00f1a con sus pares y adultos significativos permiten el desarrollo integral y la vinculaci\u00f3n positiva, favoreciendo el proceso de aprendizaje.<\/p>\n<p>&nbsp;<\/p>\n<ul>\n<li><strong>Calidad Educativa<\/strong><\/li>\n<\/ul>\n<p>Nuestro establecimiento se centra en lograr educaci\u00f3n de calidad, potenciando las diferentes habilidades en los ni\u00f1os y ni\u00f1as, adem\u00e1s apoyados y guiados por docentes cr\u00edticos, reflexivos, l\u00edderes que fomentan el aprendizaje constructivista permitiendo al ni\u00f1o y ni\u00f1a aprender de sus errores y apoyados de sus procesos de ense\u00f1anza- aprendizaje.<\/p>\n<p>&nbsp;<\/p>\n<ul>\n<li><strong>Respeto por el entorno y cuidado del medio ambiente <\/strong><\/li>\n<\/ul>\n<p>Nuestra comunidad educativa pretende que nuestros ni\u00f1os y ni\u00f1as respeten su entorno natural, identificando problem\u00e1ticas medio ambientales y abord\u00e1ndolas desde sus actividades cotidianas, como es el cuidado del agua, mantener su entorno limpio y ordenado para lograr en el futuro un ni\u00f1o y ni\u00f1a con conciencia y respeto.<\/p>\n<p>[\/et_pb_text][\/et_pb_column][\/et_pb_row][\/et_pb_section]<\/p>\n","protected":false},"excerpt":{"rendered":"<p>SELLOS EDUCATIVOSNuestra comunidad educativa se distingue por otorgar identidad a nuestros ni\u00f1os y ni\u00f1as procurando un desarrollo integral con el apoyo y pilar fundamental de los padres y apoderados para lograr calidad educativa: Familia y comunidad educativa La interacci\u00f3n continua del ni\u00f1o y de la ni\u00f1a con sus pares y adultos significativos permiten el desarrollo [&hellip;]<\/p>\n","protected":false},"author":2,"featured_media":0,"parent":30,"menu_order":0,"comment_status":"closed","ping_status":"closed","template":"","meta":{"_et_pb_use_builder":"on","_et_pb_old_content":"","_et_gb_content_width":"","footnotes":""},"class_list":["post-44","page","type-page","status-publish","hentry"],"_links":{"self":[{"href":"https:\/\/colegiosanpedrocolina.cl\/index.php\/wp-json\/wp\/v2\/pages\/44","targetHints":{"allow":["GET"]}}],"collection":[{"href":"https:\/\/colegiosanpedrocolina.cl\/index.php\/wp-json\/wp\/v2\/pages"}],"about":[{"href":"https:\/\/colegiosanpedrocolina.cl\/index.php\/wp-json\/wp\/v2\/types\/page"}],"author":[{"embeddable":true,"href":"https:\/\/colegiosanpedrocolina.cl\/index.php\/wp-json\/wp\/v2\/users\/2"}],"replies":[{"embeddable":true,"href":"https:\/\/colegiosanpedrocolina.cl\/index.php\/wp-json\/wp\/v2\/comments?post=44"}],"version-history":[{"count":4,"href":"https:\/\/colegiosanpedrocolina.cl\/index.php\/wp-json\/wp\/v2\/pages\/44\/revisions"}],"predecessor-version":[{"id":174,"href":"https:\/\/colegiosanpedrocolina.cl\/index.php\/wp-json\/wp\/v2\/pages\/44\/revisions\/174"}],"up":[{"embeddable":true,"href":"https:\/\/colegiosanpedrocolina.cl\/index.php\/wp-json\/wp\/v2\/pages\/30"}],"wp:attachment":[{"href":"https:\/\/colegiosanpedrocolina.cl\/index.php\/wp-json\/wp\/v2\/media?parent=44"}],"curies":[{"name":"wp","href":"https:\/\/api.w.org\/{rel}","templated":true}]}}