{"id":48,"date":"2022-01-09T16:39:00","date_gmt":"2022-01-09T19:39:00","guid":{"rendered":"https:\/\/colegiosanpedrocolina.cl\/?page_id=48"},"modified":"2022-05-09T00:27:40","modified_gmt":"2022-05-09T03:27:40","slug":"valores-institucionales","status":"publish","type":"page","link":"https:\/\/colegiosanpedrocolina.cl\/index.php\/nuestro-colegio\/valores-institucionales\/","title":{"rendered":"Valores Institucionales"},"content":{"rendered":"<p>[et_pb_section fb_built=\u00bb1&#8243; _builder_version=\u00bb4.14.4&#8243; _module_preset=\u00bbdefault\u00bb global_colors_info=\u00bb{}\u00bb][et_pb_row _builder_version=\u00bb4.14.4&#8243; _module_preset=\u00bbdefault\u00bb global_colors_info=\u00bb{}\u00bb][et_pb_column type=\u00bb4_4&#8243; _builder_version=\u00bb4.14.4&#8243; _module_preset=\u00bbdefault\u00bb global_colors_info=\u00bb{}\u00bb][et_pb_text _builder_version=\u00bb4.14.4&#8243; _module_preset=\u00bbdefault\u00bb hover_enabled=\u00bb0&#8243; global_colors_info=\u00bb{}\u00bb text_font=\u00bbBaskervville||||||||\u00bb sticky_enabled=\u00bb0&#8243;]<\/p>\n<h1 style=\"text-align: center;\"><em><strong>VALORES INSTITUCIONALES<\/strong><\/em><\/h1>\n<p>[\/et_pb_text][et_pb_text _builder_version=\u00bb4.14.4&#8243; _module_preset=\u00bbdefault\u00bb hover_enabled=\u00bb0&#8243; global_colors_info=\u00bb{}\u00bb text_font=\u00bbBaskervville||||||||\u00bb text_font_size=\u00bb22px\u00bb sticky_enabled=\u00bb0&#8243;]<\/p>\n<p style=\"text-align: justify;\"><b>Respeto: <\/b><span style=\"font-weight: 400;\">Promover el respeto como condici\u00f3n primordial para relacionarse con sus pares y adultos, fomentando la sana convivencia<\/span><b> .<\/b><\/p>\n<p style=\"text-align: justify;\"><b><\/b><\/p>\n<p style=\"text-align: justify;\"><b>Empat\u00eda:<\/b><span style=\"font-weight: 400;\"> Formar ni\u00f1os y ni\u00f1as con la capacidad de identificar sentimientos y emociones en los dem\u00e1s, reconociendo al otro como un ser similar.<\/span><b><\/b><\/p>\n<p style=\"text-align: justify;\"><span style=\"font-weight: 400;\"><\/span><\/p>\n<p style=\"text-align: justify;\"><b>Libertad: <\/b><span style=\"font-weight: 400;\">Reconocer la libertad como un medio propicio para expresarse y actuar libremente, enriqueciendo sus habilidades culturales y sociales.<\/span><\/p>\n<p style=\"text-align: justify;\"><b><\/b><\/p>\n<p style=\"text-align: justify;\"><b>Honestidad: <\/b><span style=\"font-weight: 400;\">Se concibe como el actuar conforme a lo que el ni\u00f1o y ni\u00f1a piensa y expresa, de acuerdo con el marco val\u00f3rico entregado por la comunidad, respetando y valorando sus derechos y deberes.<\/span><\/p>\n<p style=\"text-align: justify;\"><b><\/b><\/p>\n<p style=\"text-align: justify;\"><b>Justicia: <\/b><span style=\"font-weight: 400;\">Se reconoce como el actuar de ni\u00f1os y ni\u00f1as con respeto y objetividad en las diferentes dimensiones sociales que le presenta el entorno, recibiendo y dando a cada ni\u00f1o y ni\u00f1a lo que le corresponde\u00a0<\/span><\/p>\n<p style=\"text-align: justify;\"><b><\/b><\/p>\n<p style=\"text-align: justify;\"><b>Excelencia: <\/b><span style=\"font-weight: 400;\">Consideramos la excelencia como el esfuerzo en conjunto por proporcionar una ense\u00f1anza de calidad en todas las \u00e1reas del conocimiento, orientado al trabajo en conjunto, hacia el desarrollo de competencias, m\u00e1s que a la sola adquisici\u00f3n de conocimientos.<\/span><\/p>\n<ol><\/ol>\n<p>[\/et_pb_text][\/et_pb_column][\/et_pb_row][\/et_pb_section]<\/p>\n","protected":false},"excerpt":{"rendered":"<p>VALORES INSTITUCIONALESRespeto: Promover el respeto como condici\u00f3n primordial para relacionarse con sus pares y adultos, fomentando la sana convivencia . Empat\u00eda: Formar ni\u00f1os y ni\u00f1as con la capacidad de identificar sentimientos y emociones en los dem\u00e1s, reconociendo al otro como un ser similar. Libertad: Reconocer la libertad como un medio propicio para expresarse y actuar [&hellip;]<\/p>\n","protected":false},"author":2,"featured_media":0,"parent":30,"menu_order":0,"comment_status":"closed","ping_status":"closed","template":"","meta":{"_et_pb_use_builder":"on","_et_pb_old_content":"","_et_gb_content_width":"","footnotes":""},"class_list":["post-48","page","type-page","status-publish","hentry"],"_links":{"self":[{"href":"https:\/\/colegiosanpedrocolina.cl\/index.php\/wp-json\/wp\/v2\/pages\/48","targetHints":{"allow":["GET"]}}],"collection":[{"href":"https:\/\/colegiosanpedrocolina.cl\/index.php\/wp-json\/wp\/v2\/pages"}],"about":[{"href":"https:\/\/colegiosanpedrocolina.cl\/index.php\/wp-json\/wp\/v2\/types\/page"}],"author":[{"embeddable":true,"href":"https:\/\/colegiosanpedrocolina.cl\/index.php\/wp-json\/wp\/v2\/users\/2"}],"replies":[{"embeddable":true,"href":"https:\/\/colegiosanpedrocolina.cl\/index.php\/wp-json\/wp\/v2\/comments?post=48"}],"version-history":[{"count":5,"href":"https:\/\/colegiosanpedrocolina.cl\/index.php\/wp-json\/wp\/v2\/pages\/48\/revisions"}],"predecessor-version":[{"id":175,"href":"https:\/\/colegiosanpedrocolina.cl\/index.php\/wp-json\/wp\/v2\/pages\/48\/revisions\/175"}],"up":[{"embeddable":true,"href":"https:\/\/colegiosanpedrocolina.cl\/index.php\/wp-json\/wp\/v2\/pages\/30"}],"wp:attachment":[{"href":"https:\/\/colegiosanpedrocolina.cl\/index.php\/wp-json\/wp\/v2\/media?parent=48"}],"curies":[{"name":"wp","href":"https:\/\/api.w.org\/{rel}","templated":true}]}}