{"id":760,"date":"2024-01-11T22:39:35","date_gmt":"2024-01-12T01:39:35","guid":{"rendered":"https:\/\/colegiosanpedrocolina.cl\/?page_id=760"},"modified":"2026-01-06T14:05:02","modified_gmt":"2026-01-06T17:05:02","slug":"admision","status":"publish","type":"page","link":"https:\/\/colegiosanpedrocolina.cl\/index.php\/admision\/","title":{"rendered":"Admisi\u00f3n 2026"},"content":{"rendered":"<p>[et_pb_section fb_built=\u00bb1&#8243; _builder_version=\u00bb4.14.4&#8243; _module_preset=\u00bbdefault\u00bb hover_enabled=\u00bb0&#8243; global_colors_info=\u00bb{}\u00bb sticky_enabled=\u00bb0&#8243;][et_pb_row _builder_version=\u00bb4.14.4&#8243; _module_preset=\u00bbdefault\u00bb hover_enabled=\u00bb0&#8243; global_colors_info=\u00bb{}\u00bb sticky_enabled=\u00bb0&#8243;][et_pb_column type=\u00bb4_4&#8243; _builder_version=\u00bb4.14.4&#8243; _module_preset=\u00bbdefault\u00bb global_colors_info=\u00bb{}\u00bb][et_pb_text _builder_version=\u00bb4.14.4&#8243; _module_preset=\u00bbdefault\u00bb text_font_size=\u00bb37px\u00bb hover_enabled=\u00bb0&#8243; global_colors_info=\u00bb{}\u00bb sticky_enabled=\u00bb0&#8243;]<\/p>\n<p style=\"text-align: center;\"><strong>Admisi\u00f3n 2026<\/strong><\/p>\n<p>[\/et_pb_text][\/et_pb_column][\/et_pb_row][et_pb_row _builder_version=\u00bb4.14.4&#8243; _module_preset=\u00bbdefault\u00bb hover_enabled=\u00bb0&#8243; global_colors_info=\u00bb{}\u00bb sticky_enabled=\u00bb0&#8243;][et_pb_column type=\u00bb4_4&#8243; _builder_version=\u00bb4.14.4&#8243; _module_preset=\u00bbdefault\u00bb global_colors_info=\u00bb{}\u00bb][et_pb_text _builder_version=\u00bb4.14.4&#8243; _module_preset=\u00bbdefault\u00bb text_font_size=\u00bb21px\u00bb text_line_height=\u00bb1.6em\u00bb hover_enabled=\u00bb0&#8243; global_colors_info=\u00bb{}\u00bb sticky_enabled=\u00bb0&#8243;]<\/p>\n<p>Documentaci\u00f3n necesaria para proceso de <strong>Admisi\u00f3n 2026<\/strong>:<br \/>&#8211; Certificado de nacimiento<br \/>&#8211; Certificados de estudios<\/p>\n<p><strong>Matr\u00edculas 2026 abiertas<\/strong><\/p>\n<p>Horario de atenci\u00f3n: Lunes a viernes de 09:00 a 13:00<\/p>\n<p>M\u00e1s informaci\u00f3n: Whatsapp +56 9 3275 3905<\/p>\n<p>&nbsp;<\/p>\n<p>[\/et_pb_text][\/et_pb_column][\/et_pb_row][\/et_pb_section]<\/p>\n","protected":false},"excerpt":{"rendered":"<p>Admisi\u00f3n 2026Documentaci\u00f3n necesaria para proceso de Admisi\u00f3n 2026:- Certificado de nacimiento- Certificados de estudios Matr\u00edculas 2026 abiertas Horario de atenci\u00f3n: Lunes a viernes de 09:00 a 13:00 M\u00e1s informaci\u00f3n: Whatsapp +56 9 3275 3905 &nbsp;<\/p>\n","protected":false},"author":2,"featured_media":0,"parent":0,"menu_order":0,"comment_status":"closed","ping_status":"closed","template":"","meta":{"_et_pb_use_builder":"on","_et_pb_old_content":"","_et_gb_content_width":"","footnotes":""},"class_list":["post-760","page","type-page","status-publish","hentry"],"_links":{"self":[{"href":"https:\/\/colegiosanpedrocolina.cl\/index.php\/wp-json\/wp\/v2\/pages\/760","targetHints":{"allow":["GET"]}}],"collection":[{"href":"https:\/\/colegiosanpedrocolina.cl\/index.php\/wp-json\/wp\/v2\/pages"}],"about":[{"href":"https:\/\/colegiosanpedrocolina.cl\/index.php\/wp-json\/wp\/v2\/types\/page"}],"author":[{"embeddable":true,"href":"https:\/\/colegiosanpedrocolina.cl\/index.php\/wp-json\/wp\/v2\/users\/2"}],"replies":[{"embeddable":true,"href":"https:\/\/colegiosanpedrocolina.cl\/index.php\/wp-json\/wp\/v2\/comments?post=760"}],"version-history":[{"count":10,"href":"https:\/\/colegiosanpedrocolina.cl\/index.php\/wp-json\/wp\/v2\/pages\/760\/revisions"}],"predecessor-version":[{"id":928,"href":"https:\/\/colegiosanpedrocolina.cl\/index.php\/wp-json\/wp\/v2\/pages\/760\/revisions\/928"}],"wp:attachment":[{"href":"https:\/\/colegiosanpedrocolina.cl\/index.php\/wp-json\/wp\/v2\/media?parent=760"}],"curies":[{"name":"wp","href":"https:\/\/api.w.org\/{rel}","templated":true}]}}